{"id":9911,"date":"2014-12-10T22:12:28","date_gmt":"2014-12-10T22:12:28","guid":{"rendered":"http:\/\/grupfotograficelgra.cat\/?page_id=9911"},"modified":"2014-12-14T12:29:17","modified_gmt":"2014-12-14T12:29:17","slug":"2014-11-sortida-de-novembre","status":"publish","type":"page","link":"https:\/\/www.grupfotograficelgra.cat\/?page_id=9911","title":{"rendered":"2014 11 Sortida de novembre"},"content":{"rendered":"<p>Hola a tothom<br \/>\nAquest dissabte vam fer la sortida a fer fotos, per\u00f2 per motius de la pluja, vam decidir anar a veure una exposici\u00f3 del Sebastiao Salgado <span class=\"hiddenSpellError\">BCN<\/span><\/p>\n<p>GRUP FOTOGR\u00c0FIC EL GRA<\/p>\n<p><img loading=\"lazy\" decoding=\"async\" class=\"ngg-singlepic ngg-center aligncenter\" src=\"http:\/\/grupfotograficelgra.cat\/wp-content\/gallery\/s-novembre\/Cartell-s-novembre_Park-de-la-Sequia.jpg\" alt=\"Cartell s-novembre_Park de la Sequia\" width=\"366\" height=\"514\" \/><\/p>\n<p><a href=\"http:\/\/grupfotograficelgra.cat\/wp-content\/uploads\/2014\/12\/Grup-Sebastiao-Salgado.jpg\"><img loading=\"lazy\" decoding=\"async\" class=\"size-full wp-image-9913 aligncenter\" src=\"http:\/\/grupfotograficelgra.cat\/wp-content\/uploads\/2014\/12\/Grup-Sebastiao-Salgado.jpg\" alt=\"Grup Sebastiao Salgado\" width=\"1280\" height=\"960\" srcset=\"https:\/\/www.grupfotograficelgra.cat\/wp-content\/uploads\/2014\/12\/Grup-Sebastiao-Salgado.jpg 1280w, https:\/\/www.grupfotograficelgra.cat\/wp-content\/uploads\/2014\/12\/Grup-Sebastiao-Salgado-300x225.jpg 300w, https:\/\/www.grupfotograficelgra.cat\/wp-content\/uploads\/2014\/12\/Grup-Sebastiao-Salgado-1024x768.jpg 1024w\" sizes=\"auto, (max-width: 1280px) 100vw, 1280px\" \/><\/a><\/p>\n","protected":false},"excerpt":{"rendered":"<p>Hola a tothom Aquest dissabte vam fer la sortida a fer fotos, per\u00f2 per motius de la pluja, vam decidir anar a veure una exposici\u00f3 del Sebastiao Salgado BCN GRUP FOTOGR\u00c0FIC EL GRA<\/p>\n","protected":false},"author":2,"featured_media":0,"parent":2909,"menu_order":0,"comment_status":"open","ping_status":"open","template":"","meta":{"ngg_post_thumbnail":0,"footnotes":""},"class_list":["post-9911","page","type-page","status-publish","hentry"],"_links":{"self":[{"href":"https:\/\/www.grupfotograficelgra.cat\/index.php?rest_route=\/wp\/v2\/pages\/9911","targetHints":{"allow":["GET"]}}],"collection":[{"href":"https:\/\/www.grupfotograficelgra.cat\/index.php?rest_route=\/wp\/v2\/pages"}],"about":[{"href":"https:\/\/www.grupfotograficelgra.cat\/index.php?rest_route=\/wp\/v2\/types\/page"}],"author":[{"embeddable":true,"href":"https:\/\/www.grupfotograficelgra.cat\/index.php?rest_route=\/wp\/v2\/users\/2"}],"replies":[{"embeddable":true,"href":"https:\/\/www.grupfotograficelgra.cat\/index.php?rest_route=%2Fwp%2Fv2%2Fcomments&post=9911"}],"version-history":[{"count":2,"href":"https:\/\/www.grupfotograficelgra.cat\/index.php?rest_route=\/wp\/v2\/pages\/9911\/revisions"}],"predecessor-version":[{"id":9930,"href":"https:\/\/www.grupfotograficelgra.cat\/index.php?rest_route=\/wp\/v2\/pages\/9911\/revisions\/9930"}],"up":[{"embeddable":true,"href":"https:\/\/www.grupfotograficelgra.cat\/index.php?rest_route=\/wp\/v2\/pages\/2909"}],"wp:attachment":[{"href":"https:\/\/www.grupfotograficelgra.cat\/index.php?rest_route=%2Fwp%2Fv2%2Fmedia&parent=9911"}],"curies":[{"name":"wp","href":"https:\/\/api.w.org\/{rel}","templated":true}]}}