{"id":6894,"date":"2013-01-20T15:57:12","date_gmt":"2013-01-20T15:57:12","guid":{"rendered":"http:\/\/46.51.147.160\/?page_id=14"},"modified":"2019-03-05T21:51:56","modified_gmt":"2019-03-05T20:51:56","slug":"que-hacemos","status":"publish","type":"page","link":"https:\/\/www.grupfotograficelgra.cat\/?page_id=6894","title":{"rendered":"Informaci\u00f3"},"content":{"rendered":"<p><span style=\"font-family: Arial,sans-serif;\"><span style=\"font-size: large;\"><span style=\"color: #000000;\"><span style=\"font-family: Verdana,Arial,Helvetica,sans-serif;\"><span style=\"font-size: medium;\">Les nostres activitats s\u00f3n obertes a tothom o sigui podeu venir sempre que ho desitgeu.<\/span><\/span><\/span><\/span><\/span><\/p>\n<p><strong><span style=\"color: #000000;\"><span style=\"font-family: Verdana,Arial,Helvetica,sans-serif;\"><span style=\"font-size: large;\">Simpatitzants<\/span><\/span><\/span><\/strong><\/p>\n<p><span style=\"color: #000000;\"><span style=\"font-family: Verdana,Arial,Helvetica,sans-serif;\"><span style=\"font-size: medium;\">Els simpatitzants, s\u00f3n totes les persones interessades a con\u00e8ixer el nostre grup i les activitats que realitzem, els donem d&#8217;alta i a trav\u00e9s del correu electr\u00f2nic, els hi facilitem peri\u00f2dicament la informaci\u00f3 de tots els actes, deixant les portes obertes per participar-hi en el moment que ho desitgi. Durant un any aquest servei \u00e9s gratu\u00eft, aix\u00f2 serveix perqu\u00e8 ens podem con\u00e8ixer millor. Si est\u00e0s interessat o interessada a&nbsp;coneixen&#8217;s<\/span><\/span><\/span><span style=\"color: #000000;\"><span style=\"font-size: medium;\">&nbsp;<\/span><\/span><span style=\"color: #000000;\"><span style=\"font-family: Verdana,Arial,Helvetica,sans-serif;\"><span style=\"font-size: medium;\">no ho dubtis vine i t&#8217;informarem.<\/span><\/span><\/span><span style=\"font-size: medium;\"><br \/>\n<\/span><\/p>\n<p><strong><span style=\"color: #000000;\"><span style=\"font-family: Verdana,Arial,Helvetica,sans-serif;\"><span style=\"font-size: large;\">Socis<\/span><\/span><\/span><\/strong><\/p>\n<p><span style=\"color: #000000;\"><span style=\"font-family: Verdana,Arial,Helvetica,sans-serif;\"><span style=\"font-size: medium;\">Com no tamb\u00e9 tenim socis i s\u00f2cies \u00e9s la nostra forma de subsistir, ho oferim a tothom per\u00f2 quan ja la persona est\u00e0 segura i ja ens coneix i vol participar m\u00e9s activament, llavors paga una petita quota.<\/span><\/span><\/span><span style=\"font-size: medium;\"><br \/>\n<\/span><br \/>\n<strong><span style=\"color: #000000;\"><span style=\"font-family: Verdana,Arial,Helvetica,sans-serif;\"><span style=\"font-size: large;\">El Gra on som<\/span><\/span><\/span><\/strong><\/p>\n<p><span style=\"color: #000000;\"><span style=\"font-family: Verdana,Arial,Helvetica,sans-serif;\"><span style=\"font-size: medium;\">Ens podeu trobar a l&#8217;Antiga Estaci\u00f3 (espai municipal), carrer Historiador Serra s\/n, al costat dels&nbsp;FGC<\/span><\/span><\/span><span style=\"color: #000000;\"><span style=\"font-size: medium;\">&nbsp;<\/span><\/span><span style=\"color: #000000;\"><span style=\"font-family: Verdana,Arial,Helvetica,sans-serif;\"><span style=\"font-size: medium;\">l&#8217;edifici on era antigament l&#8217;estaci\u00f3 del tren, d&#8217;aqu\u00ed ve el nom l&#8217;Antiga Estaci\u00f3 al primer pis on vivia el cap d&#8217;estaci\u00f3 all\u00e0 estem. Tots els dilluns de 18 a 20 hores tenim obert la secretaria per informar-vos.<\/span><\/span><\/span><\/p>\n<p><span style=\"color: #000000;\"><span style=\"font-family: Verdana,Arial,Helvetica,sans-serif;\"><span style=\"font-size: medium;\">Aqu\u00ed realitzem les majories de les nostres activitats. Tamb\u00e9 podeu demanar informaci\u00f3 per correu electr\u00f2nic a&nbsp;<strong>elgrafoto@gmail.com<\/strong>.<\/span><\/span><\/span><\/p>\n<p>&nbsp;<\/p>\n<p>&nbsp;<\/p>\n","protected":false},"excerpt":{"rendered":"<p>Les nostres activitats s\u00f3n obertes a tothom o sigui podeu venir sempre que ho desitgeu. Simpatitzants Els simpatitzants, s\u00f3n totes les persones interessades a con\u00e8ixer el nostre grup i les activitats que realitzem, els donem d&#8217;alta i a trav\u00e9s del &hellip; <a href=\"https:\/\/www.grupfotograficelgra.cat\/?page_id=6894\">Sigue leyendo <span class=\"meta-nav\">&rarr;<\/span><\/a><\/p>\n","protected":false},"author":1,"featured_media":0,"parent":0,"menu_order":3,"comment_status":"closed","ping_status":"open","template":"","meta":{"ngg_post_thumbnail":0,"footnotes":""},"class_list":["post-6894","page","type-page","status-publish","hentry"],"_links":{"self":[{"href":"https:\/\/www.grupfotograficelgra.cat\/index.php?rest_route=\/wp\/v2\/pages\/6894","targetHints":{"allow":["GET"]}}],"collection":[{"href":"https:\/\/www.grupfotograficelgra.cat\/index.php?rest_route=\/wp\/v2\/pages"}],"about":[{"href":"https:\/\/www.grupfotograficelgra.cat\/index.php?rest_route=\/wp\/v2\/types\/page"}],"author":[{"embeddable":true,"href":"https:\/\/www.grupfotograficelgra.cat\/index.php?rest_route=\/wp\/v2\/users\/1"}],"replies":[{"embeddable":true,"href":"https:\/\/www.grupfotograficelgra.cat\/index.php?rest_route=%2Fwp%2Fv2%2Fcomments&post=6894"}],"version-history":[{"count":5,"href":"https:\/\/www.grupfotograficelgra.cat\/index.php?rest_route=\/wp\/v2\/pages\/6894\/revisions"}],"predecessor-version":[{"id":53231,"href":"https:\/\/www.grupfotograficelgra.cat\/index.php?rest_route=\/wp\/v2\/pages\/6894\/revisions\/53231"}],"wp:attachment":[{"href":"https:\/\/www.grupfotograficelgra.cat\/index.php?rest_route=%2Fwp%2Fv2%2Fmedia&parent=6894"}],"curies":[{"name":"wp","href":"https:\/\/api.w.org\/{rel}","templated":true}]}}