{"id":51955,"date":"2018-10-30T20:51:12","date_gmt":"2018-10-30T19:51:12","guid":{"rendered":"http:\/\/www.grupfotograficelgra.cat\/?page_id=51955"},"modified":"2018-10-30T21:34:43","modified_gmt":"2018-10-30T20:34:43","slug":"201810-riera-de-talamanca","status":"publish","type":"page","link":"https:\/\/www.grupfotograficelgra.cat\/?page_id=51955","title":{"rendered":"201810 Riera de Talamanca"},"content":{"rendered":"<p><a href=\"http:\/\/www.grupfotograficelgra.cat\/wp-content\/uploads\/2018\/10\/10-Grup-Riera-Talamanca.jpg\"><img loading=\"lazy\" decoding=\"async\" class=\"aligncenter size-full wp-image-51957\" src=\"http:\/\/www.grupfotograficelgra.cat\/wp-content\/uploads\/2018\/10\/10-Grup-Riera-Talamanca.jpg\" alt=\"\" width=\"1280\" height=\"853\" srcset=\"https:\/\/www.grupfotograficelgra.cat\/wp-content\/uploads\/2018\/10\/10-Grup-Riera-Talamanca.jpg 1280w, https:\/\/www.grupfotograficelgra.cat\/wp-content\/uploads\/2018\/10\/10-Grup-Riera-Talamanca-300x200.jpg 300w, https:\/\/www.grupfotograficelgra.cat\/wp-content\/uploads\/2018\/10\/10-Grup-Riera-Talamanca-768x512.jpg 768w\" sizes=\"auto, (max-width: 1280px) 100vw, 1280px\" \/><\/a><\/p>\nngg_shortcode_0_placeholder\n<p>Les quatre \u00faltimes fotos van ser fetes amb&nbsp;<span class=\"hiddenSpellError\">pinhole<\/span>, \u00e9s per aix\u00f2 que es veuen un&nbsp;<span class=\"hiddenSpellError\">pel<\/span>&nbsp;desenfocades.<\/p>\n<p><a href=\"http:\/\/www.grupfotograficelgra.cat\/?page_id=51996\">Per veure el fallo<\/a>&nbsp;&nbsp; &nbsp; &nbsp;<a href=\"http:\/\/www.grupfotograficelgra.cat\/?page_id=50252\"><img loading=\"lazy\" decoding=\"async\" class=\"aligncenter size-full wp-image-45205\" src=\"http:\/\/www.grupfotograficelgra.cat\/wp-content\/uploads\/2018\/01\/Fallo-.jpg\" alt=\"\" width=\"85\" height=\"120\"><\/a><\/p>\n","protected":false},"excerpt":{"rendered":"<p>Les quatre \u00faltimes fotos van ser fetes amb&nbsp;pinhole, \u00e9s per aix\u00f2 que es veuen un&nbsp;pel&nbsp;desenfocades. Per veure el fallo&nbsp;&nbsp; &nbsp; &nbsp;<\/p>\n","protected":false},"author":1,"featured_media":0,"parent":2401,"menu_order":0,"comment_status":"closed","ping_status":"closed","template":"","meta":{"ngg_post_thumbnail":0,"footnotes":""},"class_list":["post-51955","page","type-page","status-publish","hentry"],"_links":{"self":[{"href":"https:\/\/www.grupfotograficelgra.cat\/index.php?rest_route=\/wp\/v2\/pages\/51955","targetHints":{"allow":["GET"]}}],"collection":[{"href":"https:\/\/www.grupfotograficelgra.cat\/index.php?rest_route=\/wp\/v2\/pages"}],"about":[{"href":"https:\/\/www.grupfotograficelgra.cat\/index.php?rest_route=\/wp\/v2\/types\/page"}],"author":[{"embeddable":true,"href":"https:\/\/www.grupfotograficelgra.cat\/index.php?rest_route=\/wp\/v2\/users\/1"}],"replies":[{"embeddable":true,"href":"https:\/\/www.grupfotograficelgra.cat\/index.php?rest_route=%2Fwp%2Fv2%2Fcomments&post=51955"}],"version-history":[{"count":4,"href":"https:\/\/www.grupfotograficelgra.cat\/index.php?rest_route=\/wp\/v2\/pages\/51955\/revisions"}],"predecessor-version":[{"id":52084,"href":"https:\/\/www.grupfotograficelgra.cat\/index.php?rest_route=\/wp\/v2\/pages\/51955\/revisions\/52084"}],"up":[{"embeddable":true,"href":"https:\/\/www.grupfotograficelgra.cat\/index.php?rest_route=\/wp\/v2\/pages\/2401"}],"wp:attachment":[{"href":"https:\/\/www.grupfotograficelgra.cat\/index.php?rest_route=%2Fwp%2Fv2%2Fmedia&parent=51955"}],"curies":[{"name":"wp","href":"https:\/\/api.w.org\/{rel}","templated":true}]}}