{"id":45578,"date":"2018-02-26T21:25:55","date_gmt":"2018-02-26T20:25:55","guid":{"rendered":"http:\/\/www.grupfotograficelgra.cat\/?page_id=45578"},"modified":"2018-02-26T21:32:22","modified_gmt":"2018-02-26T20:32:22","slug":"fallo-hospital-de-sang","status":"publish","type":"page","link":"https:\/\/www.grupfotograficelgra.cat\/?page_id=45578","title":{"rendered":"Fallo Hospital de Sang"},"content":{"rendered":"<p>1r Jordi Fern\u00e1ndez<\/p>\n<p><a href=\"http:\/\/www.grupfotograficelgra.cat\/wp-content\/uploads\/2018\/02\/1r-G-Jordi-Fernandez.jpg\"><img loading=\"lazy\" decoding=\"async\" class=\"aligncenter size-full wp-image-45575\" src=\"http:\/\/www.grupfotograficelgra.cat\/wp-content\/uploads\/2018\/02\/1r-G-Jordi-Fernandez.jpg\" alt=\"\" width=\"800\" height=\"530\" srcset=\"https:\/\/www.grupfotograficelgra.cat\/wp-content\/uploads\/2018\/02\/1r-G-Jordi-Fernandez.jpg 800w, https:\/\/www.grupfotograficelgra.cat\/wp-content\/uploads\/2018\/02\/1r-G-Jordi-Fernandez-300x199.jpg 300w, https:\/\/www.grupfotograficelgra.cat\/wp-content\/uploads\/2018\/02\/1r-G-Jordi-Fernandez-768x509.jpg 768w\" sizes=\"auto, (max-width: 800px) 100vw, 800px\" \/><\/a><\/p>\n<p>2n Paco Gonz\u00e1lez<br \/>\n3r Pere Farr\u00e9<\/p>\nngg_shortcode_0_placeholder\n<div id=\"ngg-gallery-75287ba6cfacb1bfa550681e7a6b4724-1\" class=\"ngg-galleryoverview ngg-ajax-pagination-none\">&nbsp;<\/div>\n","protected":false},"excerpt":{"rendered":"<p>1r Jordi Fern\u00e1ndez 2n Paco Gonz\u00e1lez 3r Pere Farr\u00e9 &nbsp;<\/p>\n","protected":false},"author":1,"featured_media":0,"parent":45572,"menu_order":0,"comment_status":"closed","ping_status":"closed","template":"","meta":{"ngg_post_thumbnail":0,"footnotes":""},"class_list":["post-45578","page","type-page","status-publish","hentry"],"_links":{"self":[{"href":"https:\/\/www.grupfotograficelgra.cat\/index.php?rest_route=\/wp\/v2\/pages\/45578","targetHints":{"allow":["GET"]}}],"collection":[{"href":"https:\/\/www.grupfotograficelgra.cat\/index.php?rest_route=\/wp\/v2\/pages"}],"about":[{"href":"https:\/\/www.grupfotograficelgra.cat\/index.php?rest_route=\/wp\/v2\/types\/page"}],"author":[{"embeddable":true,"href":"https:\/\/www.grupfotograficelgra.cat\/index.php?rest_route=\/wp\/v2\/users\/1"}],"replies":[{"embeddable":true,"href":"https:\/\/www.grupfotograficelgra.cat\/index.php?rest_route=%2Fwp%2Fv2%2Fcomments&post=45578"}],"version-history":[{"count":3,"href":"https:\/\/www.grupfotograficelgra.cat\/index.php?rest_route=\/wp\/v2\/pages\/45578\/revisions"}],"predecessor-version":[{"id":45584,"href":"https:\/\/www.grupfotograficelgra.cat\/index.php?rest_route=\/wp\/v2\/pages\/45578\/revisions\/45584"}],"up":[{"embeddable":true,"href":"https:\/\/www.grupfotograficelgra.cat\/index.php?rest_route=\/wp\/v2\/pages\/45572"}],"wp:attachment":[{"href":"https:\/\/www.grupfotograficelgra.cat\/index.php?rest_route=%2Fwp%2Fv2%2Fmedia&parent=45578"}],"curies":[{"name":"wp","href":"https:\/\/api.w.org\/{rel}","templated":true}]}}