{"id":45239,"date":"2018-02-08T20:02:24","date_gmt":"2018-02-08T19:02:24","guid":{"rendered":"http:\/\/www.grupfotograficelgra.cat\/?page_id=45239"},"modified":"2018-02-26T22:19:33","modified_gmt":"2018-02-26T21:19:33","slug":"i-curs-diniciacio-a-la-fotografia","status":"publish","type":"page","link":"https:\/\/www.grupfotograficelgra.cat\/?page_id=45239","title":{"rendered":"I Curs d&#8217;Iniciaci\u00f3 a la Fotografia"},"content":{"rendered":"<p><a href=\"http:\/\/www.grupfotograficelgra.cat\/wp-content\/uploads\/2018\/02\/Grup-I-diniciacio.jpg\"><img loading=\"lazy\" decoding=\"async\" class=\"aligncenter size-full wp-image-45270\" src=\"http:\/\/www.grupfotograficelgra.cat\/wp-content\/uploads\/2018\/02\/Grup-I-diniciacio.jpg\" alt=\"\" width=\"1280\" height=\"895\" srcset=\"https:\/\/www.grupfotograficelgra.cat\/wp-content\/uploads\/2018\/02\/Grup-I-diniciacio.jpg 1280w, https:\/\/www.grupfotograficelgra.cat\/wp-content\/uploads\/2018\/02\/Grup-I-diniciacio-300x210.jpg 300w, https:\/\/www.grupfotograficelgra.cat\/wp-content\/uploads\/2018\/02\/Grup-I-diniciacio-768x537.jpg 768w\" sizes=\"auto, (max-width: 1280px) 100vw, 1280px\" \/><\/a><\/p>\n<p>El passat gener vam comen\u00e7ar el nostre Curs d&#8217;iniciaci\u00f3 I portat pel company Manel <span class=\"hiddenSpellError\">Miras<\/span>, estem molt contents, ja que hem tingut un \u00e8xit d&#8217;inscripcions total, tant que a fet que a partir del 27 de febrer farem un altre curset d&#8217;Iniciaci\u00f3 II aquest portat pel Carles <span class=\"hiddenSpellError\">Embuena<\/span> i el Pere <span class=\"hiddenSpellError\">Farr\u00e9<\/span>, aqu\u00ed us presentem unes imatges de la classe i tamb\u00e9 una de grup que es va fer el dissabte una sortida practica.<\/p>\n<p>Com acte de cloenda es va fer pels membres del Curs d&#8217;Iniciaci\u00f3 I, van veure el rotllo de la Nocturna on van veure una gran diversitat de fotos d&#8217;aquest m\u00f3n que es diu Nocturna, va estar comentat per l&#8217;<span class=\"hiddenSpellError\">Emiliano<\/span>.<\/p>\nngg_shortcode_0_placeholder\n<p><a href=\"http:\/\/www.grupfotograficelgra.cat\/wp-content\/uploads\/2018\/02\/Grup-I-dIniciacio-2.jpg\"><img loading=\"lazy\" decoding=\"async\" class=\"size-full wp-image-45498\" src=\"http:\/\/www.grupfotograficelgra.cat\/wp-content\/uploads\/2018\/02\/Grup-I-dIniciacio-2.jpg\" alt=\"\" width=\"1280\" height=\"752\" srcset=\"https:\/\/www.grupfotograficelgra.cat\/wp-content\/uploads\/2018\/02\/Grup-I-dIniciacio-2.jpg 1280w, https:\/\/www.grupfotograficelgra.cat\/wp-content\/uploads\/2018\/02\/Grup-I-dIniciacio-2-300x176.jpg 300w, https:\/\/www.grupfotograficelgra.cat\/wp-content\/uploads\/2018\/02\/Grup-I-dIniciacio-2-768x451.jpg 768w\" sizes=\"auto, (max-width: 1280px) 100vw, 1280px\" \/><\/a><\/p>\n<p>En l&#8217;\u00faltima sessi\u00f3 del Curs d&#8217;Iniciaci\u00f3 I, es <span class=\"hiddenGrammarError\" style=\"padding-bottom: 2px; background-image: url('..\/..\/..\/..\/..\/images\/squiggle.png'); background-repeat: repeat-x; background-position: left bottom; cursor: default; color: #666666; font-family: 'Open Sans', Helvetica, Arial, sans-serif; font-size: 16px; font-style: normal; font-variant-ligatures: normal; font-variant-caps: normal; font-weight: 300; letter-spacing: normal; orphans: 2; text-align: start; text-indent: 0px; text-transform: none; white-space: normal; widows: 2; word-spacing: 0px; -webkit-text-stroke-width: 0px; text-decoration-style: initial; text-decoration-color: initial;\">va fer un fallo<\/span> de les fotos presentades pels alumnes, amb una gran qualitat van ser valorades i comentades per l&#8217;<span class=\"hiddenSpellError\">Emiliano<\/span>, Pere <span class=\"hiddenSpellError\">Farr\u00e9<\/span> i el Jaume <span class=\"hiddenSpellError\">Roura<\/span>.<\/p>\n<p><a href=\"http:\/\/www.grupfotograficelgra.cat\/?page_id=45689\">Per veure el fallo &nbsp; &nbsp; &nbsp;<\/a><a href=\"http:\/\/www.grupfotograficelgra.cat\/?page_id=45689\"><img loading=\"lazy\" decoding=\"async\" class=\"aligncenter size-full wp-image-45205\" src=\"http:\/\/www.grupfotograficelgra.cat\/wp-content\/uploads\/2018\/01\/Fallo-.jpg\" alt=\"\" width=\"85\" height=\"120\"><\/a><\/p>\n","protected":false},"excerpt":{"rendered":"<p>El passat gener vam comen\u00e7ar el nostre Curs d&#8217;iniciaci\u00f3 I portat pel company Manel Miras, estem molt contents, ja que hem tingut un \u00e8xit d&#8217;inscripcions total, tant que a fet que a partir del 27 de febrer farem un altre &hellip; <a href=\"https:\/\/www.grupfotograficelgra.cat\/?page_id=45239\">Sigue leyendo <span class=\"meta-nav\">&rarr;<\/span><\/a><\/p>\n","protected":false},"author":1,"featured_media":0,"parent":34936,"menu_order":0,"comment_status":"closed","ping_status":"closed","template":"","meta":{"ngg_post_thumbnail":0,"footnotes":""},"class_list":["post-45239","page","type-page","status-publish","hentry"],"_links":{"self":[{"href":"https:\/\/www.grupfotograficelgra.cat\/index.php?rest_route=\/wp\/v2\/pages\/45239","targetHints":{"allow":["GET"]}}],"collection":[{"href":"https:\/\/www.grupfotograficelgra.cat\/index.php?rest_route=\/wp\/v2\/pages"}],"about":[{"href":"https:\/\/www.grupfotograficelgra.cat\/index.php?rest_route=\/wp\/v2\/types\/page"}],"author":[{"embeddable":true,"href":"https:\/\/www.grupfotograficelgra.cat\/index.php?rest_route=\/wp\/v2\/users\/1"}],"replies":[{"embeddable":true,"href":"https:\/\/www.grupfotograficelgra.cat\/index.php?rest_route=%2Fwp%2Fv2%2Fcomments&post=45239"}],"version-history":[{"count":6,"href":"https:\/\/www.grupfotograficelgra.cat\/index.php?rest_route=\/wp\/v2\/pages\/45239\/revisions"}],"predecessor-version":[{"id":45693,"href":"https:\/\/www.grupfotograficelgra.cat\/index.php?rest_route=\/wp\/v2\/pages\/45239\/revisions\/45693"}],"up":[{"embeddable":true,"href":"https:\/\/www.grupfotograficelgra.cat\/index.php?rest_route=\/wp\/v2\/pages\/34936"}],"wp:attachment":[{"href":"https:\/\/www.grupfotograficelgra.cat\/index.php?rest_route=%2Fwp%2Fv2%2Fmedia&parent=45239"}],"curies":[{"name":"wp","href":"https:\/\/api.w.org\/{rel}","templated":true}]}}