{"id":4404,"date":"2014-05-22T18:14:05","date_gmt":"2014-05-22T18:14:05","guid":{"rendered":"http:\/\/grupfotograficelgra.cat\/?page_id=4404"},"modified":"2014-12-03T21:02:37","modified_gmt":"2014-12-03T21:02:37","slug":"caminada-de-maig","status":"publish","type":"page","link":"https:\/\/www.grupfotograficelgra.cat\/?page_id=4404","title":{"rendered":"2014 05 Caminada de maig"},"content":{"rendered":"<div><span style=\"font-size: large;\">Aquest passat dissabte d\u00eda 10 de maig vam fer la sortida a caminar i fer fotos, a<b> L&#8217;Ovac Vell, Pou de Gla\u00e7 i Font de la Portella<\/b><\/span><\/div>\n<div><span style=\"vertical-align: baseline; font-variant: normal; font-size: 15px; font-style: normal; background-color: transparent; text-decoration: none; font-family: Arial; font-weight: normal;\">GRUP FOTOGR\u00c0FIC EL GRA<\/span><\/div>\n<div><a href=\"http:\/\/grupfotograficelgra.cat\/wp-content\/uploads\/2014\/11\/Lobac-Vell-pou-de-gla\u00e7...jpg\"><img loading=\"lazy\" decoding=\"async\" class=\"aligncenter  wp-image-7257\" src=\"http:\/\/grupfotograficelgra.cat\/wp-content\/uploads\/2014\/11\/Lobac-Vell-pou-de-gla\u00e7...jpg\" alt=\"L'obac Vell pou de gla\u00e7..\" width=\"252\" height=\"351\" \/><\/a><\/div>\nngg_shortcode_0_placeholder\n<h2><strong>Social<\/strong><\/h2>\n<p>1er Boni Mart\u00edn<br \/>\n2on Gl\u00f2ria Buxaus<br \/>\n3er Pere Farre<\/p>\n<p><a href=\"http:\/\/grupfotograficelgra.cat\/wp-content\/uploads\/2014\/05\/1er-Boni-martin.jpg\"><img loading=\"lazy\" decoding=\"async\" class=\"aligncenter size-medium wp-image-4405\" src=\"http:\/\/grupfotograficelgra.cat\/wp-content\/uploads\/2014\/05\/1er-Boni-martin-300x203.jpg\" alt=\"1er Boni martin\" width=\"300\" height=\"203\" \/><\/a> <a href=\"http:\/\/grupfotograficelgra.cat\/wp-content\/uploads\/2014\/05\/2on-Gloria-Buxaus.jpg\"><img loading=\"lazy\" decoding=\"async\" class=\"aligncenter size-medium wp-image-4406\" src=\"http:\/\/grupfotograficelgra.cat\/wp-content\/uploads\/2014\/05\/2on-Gloria-Buxaus-300x229.jpg\" alt=\"2on Gloria Buxaus\" width=\"300\" height=\"229\" \/><\/a> <a href=\"http:\/\/grupfotograficelgra.cat\/wp-content\/uploads\/2014\/05\/3er-Pere-Farre.jpg\"><img loading=\"lazy\" decoding=\"async\" class=\"aligncenter size-medium wp-image-4407\" src=\"http:\/\/grupfotograficelgra.cat\/wp-content\/uploads\/2014\/05\/3er-Pere-Farre-300x203.jpg\" alt=\"3er Pere Farre\" width=\"300\" height=\"203\" \/><\/a> <a href=\"http:\/\/grupfotograficelgra.cat\/wp-content\/uploads\/2014\/05\/Carles-Embuena.jpg\"><img loading=\"lazy\" decoding=\"async\" class=\"aligncenter size-medium wp-image-4408\" src=\"http:\/\/grupfotograficelgra.cat\/wp-content\/uploads\/2014\/05\/Carles-Embuena-169x300.jpg\" alt=\"Carles Embuena\" width=\"169\" height=\"300\" \/><\/a> <a href=\"http:\/\/grupfotograficelgra.cat\/wp-content\/uploads\/2014\/05\/Emiliano-Miguel.jpg\"><img loading=\"lazy\" decoding=\"async\" class=\"aligncenter size-medium wp-image-4409\" src=\"http:\/\/grupfotograficelgra.cat\/wp-content\/uploads\/2014\/05\/Emiliano-Miguel-300x199.jpg\" alt=\"Emiliano Miguel\" width=\"300\" height=\"199\" \/><\/a> <a href=\"http:\/\/grupfotograficelgra.cat\/wp-content\/uploads\/2014\/05\/Paco-Gonzalez.jpg\"><img loading=\"lazy\" decoding=\"async\" class=\"aligncenter size-medium wp-image-4410\" src=\"http:\/\/grupfotograficelgra.cat\/wp-content\/uploads\/2014\/05\/Paco-Gonzalez-300x199.jpg\" alt=\"Paco Gonzalez\" width=\"300\" height=\"199\" \/><\/a><\/p>\n","protected":false},"excerpt":{"rendered":"<p>Aquest passat dissabte d\u00eda 10 de maig vam fer la sortida a caminar i fer fotos, a L&#8217;Ovac Vell, Pou de Gla\u00e7 i Font de la Portella GRUP FOTOGR\u00c0FIC EL GRA Social 1er Boni Mart\u00edn 2on Gl\u00f2ria Buxaus 3er Pere &hellip; <a href=\"https:\/\/www.grupfotograficelgra.cat\/?page_id=4404\">Sigue leyendo <span class=\"meta-nav\">&rarr;<\/span><\/a><\/p>\n","protected":false},"author":2,"featured_media":0,"parent":2401,"menu_order":0,"comment_status":"open","ping_status":"open","template":"","meta":{"ngg_post_thumbnail":0,"footnotes":""},"class_list":["post-4404","page","type-page","status-publish","hentry"],"_links":{"self":[{"href":"https:\/\/www.grupfotograficelgra.cat\/index.php?rest_route=\/wp\/v2\/pages\/4404","targetHints":{"allow":["GET"]}}],"collection":[{"href":"https:\/\/www.grupfotograficelgra.cat\/index.php?rest_route=\/wp\/v2\/pages"}],"about":[{"href":"https:\/\/www.grupfotograficelgra.cat\/index.php?rest_route=\/wp\/v2\/types\/page"}],"author":[{"embeddable":true,"href":"https:\/\/www.grupfotograficelgra.cat\/index.php?rest_route=\/wp\/v2\/users\/2"}],"replies":[{"embeddable":true,"href":"https:\/\/www.grupfotograficelgra.cat\/index.php?rest_route=%2Fwp%2Fv2%2Fcomments&post=4404"}],"version-history":[{"count":3,"href":"https:\/\/www.grupfotograficelgra.cat\/index.php?rest_route=\/wp\/v2\/pages\/4404\/revisions"}],"predecessor-version":[{"id":9424,"href":"https:\/\/www.grupfotograficelgra.cat\/index.php?rest_route=\/wp\/v2\/pages\/4404\/revisions\/9424"}],"up":[{"embeddable":true,"href":"https:\/\/www.grupfotograficelgra.cat\/index.php?rest_route=\/wp\/v2\/pages\/2401"}],"wp:attachment":[{"href":"https:\/\/www.grupfotograficelgra.cat\/index.php?rest_route=%2Fwp%2Fv2%2Fmedia&parent=4404"}],"curies":[{"name":"wp","href":"https:\/\/api.w.org\/{rel}","templated":true}]}}