{"id":3334,"date":"2014-02-24T18:15:40","date_gmt":"2014-02-24T18:15:40","guid":{"rendered":"http:\/\/grupfotograficelgra.cat\/?page_id=3334"},"modified":"2014-12-08T08:52:02","modified_gmt":"2014-12-08T08:52:02","slug":"explicans-el-teu-rotllo-amb-marc-trave-simon","status":"publish","type":"page","link":"https:\/\/www.grupfotograficelgra.cat\/?page_id=3334","title":{"rendered":"2014 02 Explica\u2019ns el teu rotllo amb Marc Trav\u00e9 Sim\u00f3n"},"content":{"rendered":"<p><span style=\"font-size: large;\">Hola a tothom<br \/>\nEl GRA es complau de convidar-vos a una nova edici\u00f3 del cicle de xerrades Explica\u2019ns el teu rotllo! Aquest\u00a0 dijous 27 ens va acompanyar en Marc Trav\u00e9 Sim\u00f3n que ens explicar\u00e0 la seva experi\u00e8ncia en el seu viatge a l\u2019Ant\u00e0rtida i l\u2019estada de diversos mesos a la Base Ant\u00e0rtica Espanyola Juan Carlos I, ubicada a l\u2019illa Livingstone. Enginyer de Telecomunicacions, participa en un projecte de recerca en comunicacions a llarga dist\u00e0ncia a trav\u00e9s de reflexions ionosf\u00e8riques. La trobada la farem a les 20:30h al local de l\u2019entitat. Us hi esperem a tots.<br \/>\n<\/span><\/p>\n<div><span style=\"vertical-align: baseline; font-variant: normal; font-size: 15px; font-style: normal; background-color: transparent; text-decoration: none; font-family: Arial; font-weight: normal;\">Moltes gr\u00e0cies<br \/>\n<\/span><\/div>\n<div><span style=\"vertical-align: baseline; font-variant: normal; font-size: 15px; font-style: normal; background-color: transparent; text-decoration: none; font-family: Arial; font-weight: normal;\">GRUP FOTOGR\u00c0FIC EL GRA<\/span><\/div>\n<div><a href=\"http:\/\/grupfotograficelgra.cat\/wp-content\/uploads\/2014\/02\/explicans-marc-trave.jpg\"><img loading=\"lazy\" decoding=\"async\" class=\"aligncenter size-medium wp-image-3332\" src=\"http:\/\/grupfotograficelgra.cat\/wp-content\/uploads\/2014\/02\/explicans-marc-trave-212x300.jpg\" alt=\"explica'ns marc trave\" width=\"212\" height=\"300\" \/><\/a>ngg_shortcode_0_placeholder<\/div>\n","protected":false},"excerpt":{"rendered":"<p>Hola a tothom El GRA es complau de convidar-vos a una nova edici\u00f3 del cicle de xerrades Explica\u2019ns el teu rotllo! Aquest\u00a0 dijous 27 ens va acompanyar en Marc Trav\u00e9 Sim\u00f3n que ens explicar\u00e0 la seva experi\u00e8ncia en el seu &hellip; <a href=\"https:\/\/www.grupfotograficelgra.cat\/?page_id=3334\">Sigue leyendo <span class=\"meta-nav\">&rarr;<\/span><\/a><\/p>\n","protected":false},"author":2,"featured_media":0,"parent":2929,"menu_order":0,"comment_status":"open","ping_status":"closed","template":"","meta":{"ngg_post_thumbnail":0,"footnotes":""},"class_list":["post-3334","page","type-page","status-publish","hentry"],"_links":{"self":[{"href":"https:\/\/www.grupfotograficelgra.cat\/index.php?rest_route=\/wp\/v2\/pages\/3334","targetHints":{"allow":["GET"]}}],"collection":[{"href":"https:\/\/www.grupfotograficelgra.cat\/index.php?rest_route=\/wp\/v2\/pages"}],"about":[{"href":"https:\/\/www.grupfotograficelgra.cat\/index.php?rest_route=\/wp\/v2\/types\/page"}],"author":[{"embeddable":true,"href":"https:\/\/www.grupfotograficelgra.cat\/index.php?rest_route=\/wp\/v2\/users\/2"}],"replies":[{"embeddable":true,"href":"https:\/\/www.grupfotograficelgra.cat\/index.php?rest_route=%2Fwp%2Fv2%2Fcomments&post=3334"}],"version-history":[{"count":2,"href":"https:\/\/www.grupfotograficelgra.cat\/index.php?rest_route=\/wp\/v2\/pages\/3334\/revisions"}],"predecessor-version":[{"id":9681,"href":"https:\/\/www.grupfotograficelgra.cat\/index.php?rest_route=\/wp\/v2\/pages\/3334\/revisions\/9681"}],"up":[{"embeddable":true,"href":"https:\/\/www.grupfotograficelgra.cat\/index.php?rest_route=\/wp\/v2\/pages\/2929"}],"wp:attachment":[{"href":"https:\/\/www.grupfotograficelgra.cat\/index.php?rest_route=%2Fwp%2Fv2%2Fmedia&parent=3334"}],"curies":[{"name":"wp","href":"https:\/\/api.w.org\/{rel}","templated":true}]}}