{"id":30929,"date":"2016-10-12T14:40:31","date_gmt":"2016-10-12T14:40:31","guid":{"rendered":"http:\/\/www.grupfotograficelgra.cat\/?page_id=30929"},"modified":"2016-10-12T14:40:31","modified_gmt":"2016-10-12T14:40:31","slug":"201609-caldes-de-montbui","status":"publish","type":"page","link":"https:\/\/www.grupfotograficelgra.cat\/?page_id=30929","title":{"rendered":"201609 Caldes de Montbui"},"content":{"rendered":"<p style=\"text-align: center;\"><strong>Caldes de Montbui<\/strong><\/p>\n<p style=\"text-align: center;\"><img loading=\"lazy\" decoding=\"async\" class=\"aligncenter size-full wp-image-30930\" src=\"http:\/\/www.grupfotograficelgra.cat\/wp-content\/uploads\/2016\/10\/09-Grup-Caldes-de-Montbui.jpg\" alt=\"09-grup-caldes-de-montbui\" width=\"1280\" height=\"853\" srcset=\"https:\/\/www.grupfotograficelgra.cat\/wp-content\/uploads\/2016\/10\/09-Grup-Caldes-de-Montbui.jpg 1280w, https:\/\/www.grupfotograficelgra.cat\/wp-content\/uploads\/2016\/10\/09-Grup-Caldes-de-Montbui-300x200.jpg 300w, https:\/\/www.grupfotograficelgra.cat\/wp-content\/uploads\/2016\/10\/09-Grup-Caldes-de-Montbui-768x512.jpg 768w\" sizes=\"auto, (max-width: 1280px) 100vw, 1280px\" \/><\/p>\n<p style=\"text-align: center;\">ngg_shortcode_0_placeholder<\/p>\n<p><strong>Social individual<\/strong><\/p>\n<p>Les fotografies presentades i les guanyadores<\/p>\n<p>1er Paco Gonz\u00e1lez<br \/>\n2on Jaume Roura<br \/>\n3er Rosa C\u00edvico<\/p>\nngg_shortcode_1_placeholder\n<p><strong>Social Col\u00b7lecci\u00f3<\/strong><\/p>\n<p>Les fotografies presentades i les guanyadores<\/p>\n<p>1er Jaume Roura<br \/>\n2on Elisa Lucas<br \/>\n3er Vi\u00e7ens Bad\u00eda<\/p>\nngg_shortcode_2_placeholder\n","protected":false},"excerpt":{"rendered":"<p>Caldes de Montbui Social individual Les fotografies presentades i les guanyadores 1er Paco Gonz\u00e1lez 2on Jaume Roura 3er Rosa C\u00edvico Social Col\u00b7lecci\u00f3 Les fotografies presentades i les guanyadores 1er Jaume Roura 2on Elisa Lucas 3er Vi\u00e7ens Bad\u00eda<\/p>\n","protected":false},"author":1,"featured_media":0,"parent":2909,"menu_order":0,"comment_status":"closed","ping_status":"closed","template":"","meta":{"ngg_post_thumbnail":0,"footnotes":""},"class_list":["post-30929","page","type-page","status-publish","hentry"],"_links":{"self":[{"href":"https:\/\/www.grupfotograficelgra.cat\/index.php?rest_route=\/wp\/v2\/pages\/30929","targetHints":{"allow":["GET"]}}],"collection":[{"href":"https:\/\/www.grupfotograficelgra.cat\/index.php?rest_route=\/wp\/v2\/pages"}],"about":[{"href":"https:\/\/www.grupfotograficelgra.cat\/index.php?rest_route=\/wp\/v2\/types\/page"}],"author":[{"embeddable":true,"href":"https:\/\/www.grupfotograficelgra.cat\/index.php?rest_route=\/wp\/v2\/users\/1"}],"replies":[{"embeddable":true,"href":"https:\/\/www.grupfotograficelgra.cat\/index.php?rest_route=%2Fwp%2Fv2%2Fcomments&post=30929"}],"version-history":[{"count":1,"href":"https:\/\/www.grupfotograficelgra.cat\/index.php?rest_route=\/wp\/v2\/pages\/30929\/revisions"}],"predecessor-version":[{"id":30931,"href":"https:\/\/www.grupfotograficelgra.cat\/index.php?rest_route=\/wp\/v2\/pages\/30929\/revisions\/30931"}],"up":[{"embeddable":true,"href":"https:\/\/www.grupfotograficelgra.cat\/index.php?rest_route=\/wp\/v2\/pages\/2909"}],"wp:attachment":[{"href":"https:\/\/www.grupfotograficelgra.cat\/index.php?rest_route=%2Fwp%2Fv2%2Fmedia&parent=30929"}],"curies":[{"name":"wp","href":"https:\/\/api.w.org\/{rel}","templated":true}]}}