{"id":2946,"date":"2014-02-10T23:37:15","date_gmt":"2014-02-10T23:37:15","guid":{"rendered":"http:\/\/grupfotograficelgra.cat\/?page_id=2946"},"modified":"2014-11-16T20:10:41","modified_gmt":"2014-11-16T20:10:41","slug":"caminada-de-febrer","status":"publish","type":"page","link":"https:\/\/www.grupfotograficelgra.cat\/?page_id=2946","title":{"rendered":"2014 02 Caminada de febrer"},"content":{"rendered":"<p>El passat dissabte 8 vam fer una sortida a caminar a Sant Lloren\u00e7 de Munt, vam passar el mat\u00ed en plena natura i vam fer fotos.<\/p>\n<p><a href=\"http:\/\/grupfotograficelgra.cat\/wp-content\/uploads\/2014\/02\/Cartell-febrer.jpg\"><img loading=\"lazy\" decoding=\"async\" class=\"aligncenter size-medium wp-image-2941\" src=\"http:\/\/grupfotograficelgra.cat\/wp-content\/uploads\/2014\/02\/Cartell-febrer-215x300.jpg\" alt=\"Cartell febrer\" width=\"215\" height=\"300\" \/><\/a>ngg_shortcode_0_placeholder<\/p>\n<h2>Social<\/h2>\n<p>1er Laura Moreno<br \/>\n2on Boni Mart\u00edn<br \/>\n3er Gloria Buxaus<\/p>\n\n","protected":false},"excerpt":{"rendered":"<p>El passat dissabte 8 vam fer una sortida a caminar a Sant Lloren\u00e7 de Munt, vam passar el mat\u00ed en plena natura i vam fer fotos. Social 1er Laura Moreno 2on Boni Mart\u00edn 3er Gloria Buxaus<\/p>\n","protected":false},"author":2,"featured_media":0,"parent":2401,"menu_order":0,"comment_status":"open","ping_status":"open","template":"","meta":{"ngg_post_thumbnail":0,"footnotes":""},"class_list":["post-2946","page","type-page","status-publish","hentry"],"_links":{"self":[{"href":"https:\/\/www.grupfotograficelgra.cat\/index.php?rest_route=\/wp\/v2\/pages\/2946","targetHints":{"allow":["GET"]}}],"collection":[{"href":"https:\/\/www.grupfotograficelgra.cat\/index.php?rest_route=\/wp\/v2\/pages"}],"about":[{"href":"https:\/\/www.grupfotograficelgra.cat\/index.php?rest_route=\/wp\/v2\/types\/page"}],"author":[{"embeddable":true,"href":"https:\/\/www.grupfotograficelgra.cat\/index.php?rest_route=\/wp\/v2\/users\/2"}],"replies":[{"embeddable":true,"href":"https:\/\/www.grupfotograficelgra.cat\/index.php?rest_route=%2Fwp%2Fv2%2Fcomments&post=2946"}],"version-history":[{"count":2,"href":"https:\/\/www.grupfotograficelgra.cat\/index.php?rest_route=\/wp\/v2\/pages\/2946\/revisions"}],"predecessor-version":[{"id":7065,"href":"https:\/\/www.grupfotograficelgra.cat\/index.php?rest_route=\/wp\/v2\/pages\/2946\/revisions\/7065"}],"up":[{"embeddable":true,"href":"https:\/\/www.grupfotograficelgra.cat\/index.php?rest_route=\/wp\/v2\/pages\/2401"}],"wp:attachment":[{"href":"https:\/\/www.grupfotograficelgra.cat\/index.php?rest_route=%2Fwp%2Fv2%2Fmedia&parent=2946"}],"curies":[{"name":"wp","href":"https:\/\/api.w.org\/{rel}","templated":true}]}}