{"id":2913,"date":"2014-01-30T22:56:48","date_gmt":"2014-01-30T22:56:48","guid":{"rendered":"http:\/\/grupfotograficelgra.cat\/?page_id=2913"},"modified":"2014-11-16T20:16:04","modified_gmt":"2014-11-16T20:16:04","slug":"sortida-de-gener","status":"publish","type":"page","link":"https:\/\/www.grupfotograficelgra.cat\/?page_id=2913","title":{"rendered":"2014 01 Sortida de Gener"},"content":{"rendered":"<p style=\"margin-top: 0pt; margin-bottom: 0pt;\"><span style=\"font-size: large;\">Hola a tothom<\/span><\/p>\n<p style=\"margin-top: 0pt; margin-bottom: 0pt;\"><span style=\"font-size: large;\">El passat dissabte 1 de febrer vol\u00edem fer la sortida fotogr\u00e0fica al Poble Espanyol.<\/span><\/p>\n<p><span style=\"font-size: large;\">\u00a0<\/span><\/p>\n<h3><a href=\"http:\/\/grupfotograficelgra.cat\/wp-content\/uploads\/2014\/01\/Cartell-Poble-Espanyol.jpg\"><img loading=\"lazy\" decoding=\"async\" class=\"aligncenter size-medium wp-image-2907\" src=\"http:\/\/grupfotograficelgra.cat\/wp-content\/uploads\/2014\/01\/Cartell-Poble-Espanyol-213x300.jpg\" alt=\"Cartell Poble Espanyol\" width=\"213\" height=\"300\" \/><\/a><\/h3>\n<h3><span style=\"color: #000000;\"><span style=\"font-family: Verdana,Arial,Helvetica,sans-serif;\"><span style=\"font-size: small;\"><span style=\"font-size: medium;\">Com sempre en\u00a0les \u00faltimes sortides, la pluja va apar\u00e8ixer, aix\u00ed que ens vam quedar al local d&#8217;un company i tot sa de dir, ens ho vam passar la mar de b\u00e9<\/span>.<\/span><\/span><\/span><\/h3>\nngg_shortcode_0_placeholder\n<h2>Social<\/h2>\n<p>1er Gloria Buxaus<br \/>\n2on Maria Jes\u00fas Mora<br \/>\n3er Carles Embuena<\/p>\nngg_shortcode_1_placeholder\n<h3><\/h3>\n","protected":false},"excerpt":{"rendered":"<p>Hola a tothom El passat dissabte 1 de febrer vol\u00edem fer la sortida fotogr\u00e0fica al Poble Espanyol. \u00a0 Com sempre en\u00a0les \u00faltimes sortides, la pluja va apar\u00e8ixer, aix\u00ed que ens vam quedar al local d&#8217;un company i tot sa de &hellip; <a href=\"https:\/\/www.grupfotograficelgra.cat\/?page_id=2913\">Sigue leyendo <span class=\"meta-nav\">&rarr;<\/span><\/a><\/p>\n","protected":false},"author":2,"featured_media":0,"parent":2909,"menu_order":0,"comment_status":"open","ping_status":"open","template":"","meta":{"ngg_post_thumbnail":0,"footnotes":""},"class_list":["post-2913","page","type-page","status-publish","hentry"],"_links":{"self":[{"href":"https:\/\/www.grupfotograficelgra.cat\/index.php?rest_route=\/wp\/v2\/pages\/2913","targetHints":{"allow":["GET"]}}],"collection":[{"href":"https:\/\/www.grupfotograficelgra.cat\/index.php?rest_route=\/wp\/v2\/pages"}],"about":[{"href":"https:\/\/www.grupfotograficelgra.cat\/index.php?rest_route=\/wp\/v2\/types\/page"}],"author":[{"embeddable":true,"href":"https:\/\/www.grupfotograficelgra.cat\/index.php?rest_route=\/wp\/v2\/users\/2"}],"replies":[{"embeddable":true,"href":"https:\/\/www.grupfotograficelgra.cat\/index.php?rest_route=%2Fwp%2Fv2%2Fcomments&post=2913"}],"version-history":[{"count":2,"href":"https:\/\/www.grupfotograficelgra.cat\/index.php?rest_route=\/wp\/v2\/pages\/2913\/revisions"}],"predecessor-version":[{"id":7072,"href":"https:\/\/www.grupfotograficelgra.cat\/index.php?rest_route=\/wp\/v2\/pages\/2913\/revisions\/7072"}],"up":[{"embeddable":true,"href":"https:\/\/www.grupfotograficelgra.cat\/index.php?rest_route=\/wp\/v2\/pages\/2909"}],"wp:attachment":[{"href":"https:\/\/www.grupfotograficelgra.cat\/index.php?rest_route=%2Fwp%2Fv2%2Fmedia&parent=2913"}],"curies":[{"name":"wp","href":"https:\/\/api.w.org\/{rel}","templated":true}]}}