{"id":2909,"date":"2014-01-30T22:52:24","date_gmt":"2014-01-30T22:52:24","guid":{"rendered":"http:\/\/grupfotograficelgra.cat\/?page_id=2909"},"modified":"2014-01-30T22:52:24","modified_gmt":"2014-01-30T22:52:24","slug":"sortides","status":"publish","type":"page","link":"https:\/\/www.grupfotograficelgra.cat\/?page_id=2909","title":{"rendered":"Sortides"},"content":{"rendered":"<p>Sortides Socials: \u00faltim dissabte de mes.<\/p>\n<p>Quedem a les 8 del mat\u00ed a la seu de \u00abEl Gra\u00bb, armats amb c\u00e0meres, trespeus, comandaments, objectius, i moltes ganes.<\/p>\n<p>S\u00f3n sortides a diferents llocs, normalment al migdia ja estem a Rub\u00ed, fem fotos, xerrem i esmorzem.<\/p>\n<p>Al cap de dos dimarts fem una trobada social, amb una selecci\u00f3 de fotos, de les quals surt una guanyadora escollida entre tots.<\/p>\n<p><a href=\"http:\/\/grupfotograficelgra.cat\/wp-content\/uploads\/2014\/01\/Sortides.jpg\"><img loading=\"lazy\" decoding=\"async\" class=\"aligncenter size-medium wp-image-2910\" alt=\"Sortides\" src=\"http:\/\/grupfotograficelgra.cat\/wp-content\/uploads\/2014\/01\/Sortides-213x300.jpg\" width=\"213\" height=\"300\" \/><\/a><\/p>\n","protected":false},"excerpt":{"rendered":"<p>Sortides Socials: \u00faltim dissabte de mes. Quedem a les 8 del mat\u00ed a la seu de \u00abEl Gra\u00bb, armats amb c\u00e0meres, trespeus, comandaments, objectius, i moltes ganes. S\u00f3n sortides a diferents llocs, normalment al migdia ja estem a Rub\u00ed, fem &hellip; <a href=\"https:\/\/www.grupfotograficelgra.cat\/?page_id=2909\">Sigue leyendo <span class=\"meta-nav\">&rarr;<\/span><\/a><\/p>\n","protected":false},"author":2,"featured_media":2910,"parent":278,"menu_order":0,"comment_status":"open","ping_status":"open","template":"","meta":{"ngg_post_thumbnail":0,"footnotes":""},"class_list":["post-2909","page","type-page","status-publish","has-post-thumbnail","hentry"],"_links":{"self":[{"href":"https:\/\/www.grupfotograficelgra.cat\/index.php?rest_route=\/wp\/v2\/pages\/2909","targetHints":{"allow":["GET"]}}],"collection":[{"href":"https:\/\/www.grupfotograficelgra.cat\/index.php?rest_route=\/wp\/v2\/pages"}],"about":[{"href":"https:\/\/www.grupfotograficelgra.cat\/index.php?rest_route=\/wp\/v2\/types\/page"}],"author":[{"embeddable":true,"href":"https:\/\/www.grupfotograficelgra.cat\/index.php?rest_route=\/wp\/v2\/users\/2"}],"replies":[{"embeddable":true,"href":"https:\/\/www.grupfotograficelgra.cat\/index.php?rest_route=%2Fwp%2Fv2%2Fcomments&post=2909"}],"version-history":[{"count":0,"href":"https:\/\/www.grupfotograficelgra.cat\/index.php?rest_route=\/wp\/v2\/pages\/2909\/revisions"}],"up":[{"embeddable":true,"href":"https:\/\/www.grupfotograficelgra.cat\/index.php?rest_route=\/wp\/v2\/pages\/278"}],"wp:featuredmedia":[{"embeddable":true,"href":"https:\/\/www.grupfotograficelgra.cat\/index.php?rest_route=\/"}],"wp:attachment":[{"href":"https:\/\/www.grupfotograficelgra.cat\/index.php?rest_route=%2Fwp%2Fv2%2Fmedia&parent=2909"}],"curies":[{"name":"wp","href":"https:\/\/api.w.org\/{rel}","templated":true}]}}