{"id":26492,"date":"2016-05-24T21:54:09","date_gmt":"2016-05-24T21:54:09","guid":{"rendered":"http:\/\/www.grupfotograficelgra.cat\/?page_id=26492"},"modified":"2016-06-29T21:05:42","modified_gmt":"2016-06-29T21:05:42","slug":"201605-panta-de-valvidrera","status":"publish","type":"page","link":"https:\/\/www.grupfotograficelgra.cat\/?page_id=26492","title":{"rendered":"201605 Pant\u00e0 de Vallvidrera"},"content":{"rendered":"<p style=\"text-align: center;\"><strong>Pant\u00e0 de Vallvidrera<\/strong><\/p>\n<p style=\"text-align: center;\"><img loading=\"lazy\" decoding=\"async\" class=\"aligncenter size-full wp-image-27089\" src=\"http:\/\/www.grupfotograficelgra.cat\/wp-content\/uploads\/2016\/06\/05-Grup-Panta-Vallvidrera.jpg\" alt=\"05 Grup Panta Vallvidrera\" width=\"1280\" height=\"853\" srcset=\"https:\/\/www.grupfotograficelgra.cat\/wp-content\/uploads\/2016\/06\/05-Grup-Panta-Vallvidrera.jpg 1280w, https:\/\/www.grupfotograficelgra.cat\/wp-content\/uploads\/2016\/06\/05-Grup-Panta-Vallvidrera-300x200.jpg 300w, https:\/\/www.grupfotograficelgra.cat\/wp-content\/uploads\/2016\/06\/05-Grup-Panta-Vallvidrera-768x512.jpg 768w\" sizes=\"auto, (max-width: 1280px) 100vw, 1280px\" \/><\/p>\n<p style=\"text-align: center;\">ngg_shortcode_0_placeholder<\/p>\n<p><strong>Social<\/strong><\/p>\n<p>1er Boni Mart\u00edn<br \/>\n2on Vi\u00e7ecs Bad\u00eda<br \/>\n3er Marc Farr\u00e9<\/p>\nngg_shortcode_1_placeholder\n","protected":false},"excerpt":{"rendered":"<p>Pant\u00e0 de Vallvidrera Social 1er Boni Mart\u00edn 2on Vi\u00e7ecs Bad\u00eda 3er Marc Farr\u00e9<\/p>\n","protected":false},"author":1,"featured_media":0,"parent":2401,"menu_order":0,"comment_status":"closed","ping_status":"closed","template":"","meta":{"ngg_post_thumbnail":0,"footnotes":""},"class_list":["post-26492","page","type-page","status-publish","hentry"],"_links":{"self":[{"href":"https:\/\/www.grupfotograficelgra.cat\/index.php?rest_route=\/wp\/v2\/pages\/26492","targetHints":{"allow":["GET"]}}],"collection":[{"href":"https:\/\/www.grupfotograficelgra.cat\/index.php?rest_route=\/wp\/v2\/pages"}],"about":[{"href":"https:\/\/www.grupfotograficelgra.cat\/index.php?rest_route=\/wp\/v2\/types\/page"}],"author":[{"embeddable":true,"href":"https:\/\/www.grupfotograficelgra.cat\/index.php?rest_route=\/wp\/v2\/users\/1"}],"replies":[{"embeddable":true,"href":"https:\/\/www.grupfotograficelgra.cat\/index.php?rest_route=%2Fwp%2Fv2%2Fcomments&post=26492"}],"version-history":[{"count":5,"href":"https:\/\/www.grupfotograficelgra.cat\/index.php?rest_route=\/wp\/v2\/pages\/26492\/revisions"}],"predecessor-version":[{"id":27090,"href":"https:\/\/www.grupfotograficelgra.cat\/index.php?rest_route=\/wp\/v2\/pages\/26492\/revisions\/27090"}],"up":[{"embeddable":true,"href":"https:\/\/www.grupfotograficelgra.cat\/index.php?rest_route=\/wp\/v2\/pages\/2401"}],"wp:attachment":[{"href":"https:\/\/www.grupfotograficelgra.cat\/index.php?rest_route=%2Fwp%2Fv2%2Fmedia&parent=26492"}],"curies":[{"name":"wp","href":"https:\/\/api.w.org\/{rel}","templated":true}]}}