{"id":2399,"date":"2013-11-20T20:48:03","date_gmt":"2013-11-20T20:48:03","guid":{"rendered":"http:\/\/grupfotograficelgra.cat\/?page_id=2399"},"modified":"2013-11-20T20:48:03","modified_gmt":"2013-11-20T20:48:03","slug":"sortides-nocturnes","status":"publish","type":"page","link":"https:\/\/www.grupfotograficelgra.cat\/?page_id=2399","title":{"rendered":"Sortides Nocturnes"},"content":{"rendered":"<p>Tenim un grup que es Nocturnes on peri\u00f2dicament es fan sortides nocturnes marxem des de l&#8217;Antiga Estaci\u00f3 els dissabtes de 18 a les 20 h segons on es vagi marxem a fer fotos, quatre nocions i a gaudir.<\/p>\n<p>S\u00f3n sortides que es fan aproximadament cada 2 mesos, anem carregats d&#8217;estris que produeixen llum, trespeus, comandaments a dist\u00e0ncia, flaixos, moltes ganes i imaginaci\u00f3.<\/p>\n<p><a href=\"http:\/\/grupfotograficelgra.cat\/wp-content\/uploads\/2013\/11\/sortides-nocturnes-El-Gra2.jpg\"><img loading=\"lazy\" decoding=\"async\" class=\"aligncenter size-medium wp-image-2421\" alt=\"sortides nocturnes El Gra2\" src=\"http:\/\/grupfotograficelgra.cat\/wp-content\/uploads\/2013\/11\/sortides-nocturnes-El-Gra2-300x225.jpg\" width=\"300\" height=\"225\" \/><\/a><\/p>\n<p>&nbsp;<\/p>\n","protected":false},"excerpt":{"rendered":"<p>Tenim un grup que es Nocturnes on peri\u00f2dicament es fan sortides nocturnes marxem des de l&#8217;Antiga Estaci\u00f3 els dissabtes de 18 a les 20 h segons on es vagi marxem a fer fotos, quatre nocions i a gaudir. S\u00f3n sortides &hellip; <a href=\"https:\/\/www.grupfotograficelgra.cat\/?page_id=2399\">Sigue leyendo <span class=\"meta-nav\">&rarr;<\/span><\/a><\/p>\n","protected":false},"author":2,"featured_media":0,"parent":278,"menu_order":0,"comment_status":"open","ping_status":"open","template":"","meta":{"ngg_post_thumbnail":0,"footnotes":""},"class_list":["post-2399","page","type-page","status-publish","hentry"],"_links":{"self":[{"href":"https:\/\/www.grupfotograficelgra.cat\/index.php?rest_route=\/wp\/v2\/pages\/2399","targetHints":{"allow":["GET"]}}],"collection":[{"href":"https:\/\/www.grupfotograficelgra.cat\/index.php?rest_route=\/wp\/v2\/pages"}],"about":[{"href":"https:\/\/www.grupfotograficelgra.cat\/index.php?rest_route=\/wp\/v2\/types\/page"}],"author":[{"embeddable":true,"href":"https:\/\/www.grupfotograficelgra.cat\/index.php?rest_route=\/wp\/v2\/users\/2"}],"replies":[{"embeddable":true,"href":"https:\/\/www.grupfotograficelgra.cat\/index.php?rest_route=%2Fwp%2Fv2%2Fcomments&post=2399"}],"version-history":[{"count":0,"href":"https:\/\/www.grupfotograficelgra.cat\/index.php?rest_route=\/wp\/v2\/pages\/2399\/revisions"}],"up":[{"embeddable":true,"href":"https:\/\/www.grupfotograficelgra.cat\/index.php?rest_route=\/wp\/v2\/pages\/278"}],"wp:attachment":[{"href":"https:\/\/www.grupfotograficelgra.cat\/index.php?rest_route=%2Fwp%2Fv2%2Fmedia&parent=2399"}],"curies":[{"name":"wp","href":"https:\/\/api.w.org\/{rel}","templated":true}]}}