{"id":20739,"date":"2015-10-27T23:50:07","date_gmt":"2015-10-27T23:50:07","guid":{"rendered":"http:\/\/www.grupfotograficelgra.cat\/?page_id=20739"},"modified":"2015-10-27T23:50:07","modified_gmt":"2015-10-27T23:50:07","slug":"201510-de-can-robert-a-can-popla","status":"publish","type":"page","link":"https:\/\/www.grupfotograficelgra.cat\/?page_id=20739","title":{"rendered":"201510 de Can Robert a Can Popla"},"content":{"rendered":"<p style=\"text-align: center;\"><strong>de Can Robert a Can Popla<\/strong><\/p>\n<p style=\"text-align: center;\"><a href=\"http:\/\/www.grupfotograficelgra.cat\/wp-content\/uploads\/2015\/10\/Grup-Can-Robert-Can-Pople.jpg\"><img loading=\"lazy\" decoding=\"async\" class=\"aligncenter  wp-image-20740\" src=\"http:\/\/www.grupfotograficelgra.cat\/wp-content\/uploads\/2015\/10\/Grup-Can-Robert-Can-Pople.jpg\" alt=\"Grup Can Robert-Can Pople\" width=\"553\" height=\"369\" srcset=\"https:\/\/www.grupfotograficelgra.cat\/wp-content\/uploads\/2015\/10\/Grup-Can-Robert-Can-Pople.jpg 1280w, https:\/\/www.grupfotograficelgra.cat\/wp-content\/uploads\/2015\/10\/Grup-Can-Robert-Can-Pople-300x200.jpg 300w\" sizes=\"auto, (max-width: 553px) 100vw, 553px\" \/><\/a><\/p>\n<p style=\"text-align: center;\">ngg_shortcode_0_placeholder<\/p>\n<h2><strong>Social<\/strong><\/h2>\n<p>1er Boni Mart\u00edn<br \/>\n1er Lidia Fernandez<br \/>\n2on Paco Gonzalez<br \/>\n3er Vi\u00e7ens Bad\u00eda<\/p>\nngg_shortcode_1_placeholder\n<p style=\"text-align: center;\">\n","protected":false},"excerpt":{"rendered":"<p>de Can Robert a Can Popla Social 1er Boni Mart\u00edn 1er Lidia Fernandez 2on Paco Gonzalez 3er Vi\u00e7ens Bad\u00eda<\/p>\n","protected":false},"author":1,"featured_media":0,"parent":2401,"menu_order":0,"comment_status":"closed","ping_status":"closed","template":"","meta":{"ngg_post_thumbnail":0,"footnotes":""},"class_list":["post-20739","page","type-page","status-publish","hentry"],"_links":{"self":[{"href":"https:\/\/www.grupfotograficelgra.cat\/index.php?rest_route=\/wp\/v2\/pages\/20739","targetHints":{"allow":["GET"]}}],"collection":[{"href":"https:\/\/www.grupfotograficelgra.cat\/index.php?rest_route=\/wp\/v2\/pages"}],"about":[{"href":"https:\/\/www.grupfotograficelgra.cat\/index.php?rest_route=\/wp\/v2\/types\/page"}],"author":[{"embeddable":true,"href":"https:\/\/www.grupfotograficelgra.cat\/index.php?rest_route=\/wp\/v2\/users\/1"}],"replies":[{"embeddable":true,"href":"https:\/\/www.grupfotograficelgra.cat\/index.php?rest_route=%2Fwp%2Fv2%2Fcomments&post=20739"}],"version-history":[{"count":1,"href":"https:\/\/www.grupfotograficelgra.cat\/index.php?rest_route=\/wp\/v2\/pages\/20739\/revisions"}],"predecessor-version":[{"id":20797,"href":"https:\/\/www.grupfotograficelgra.cat\/index.php?rest_route=\/wp\/v2\/pages\/20739\/revisions\/20797"}],"up":[{"embeddable":true,"href":"https:\/\/www.grupfotograficelgra.cat\/index.php?rest_route=\/wp\/v2\/pages\/2401"}],"wp:attachment":[{"href":"https:\/\/www.grupfotograficelgra.cat\/index.php?rest_route=%2Fwp%2Fv2%2Fmedia&parent=20739"}],"curies":[{"name":"wp","href":"https:\/\/api.w.org\/{rel}","templated":true}]}}