{"id":19695,"date":"2015-10-03T06:02:57","date_gmt":"2015-10-03T06:02:57","guid":{"rendered":"http:\/\/www.grupfotograficelgra.cat\/?page_id=19695"},"modified":"2015-10-03T06:02:57","modified_gmt":"2015-10-03T06:02:57","slug":"201509-caminada-riera-de-nespres","status":"publish","type":"page","link":"https:\/\/www.grupfotograficelgra.cat\/?page_id=19695","title":{"rendered":"201509 Caminada Riera de Nespres"},"content":{"rendered":"<p style=\"text-align: center;\">Riera de Nespres<\/p>\n<p style=\"text-align: center;\"><a href=\"http:\/\/www.grupfotograficelgra.cat\/wp-content\/uploads\/2015\/10\/20150919_El-Gra_DSC1890....jpg\"><img loading=\"lazy\" decoding=\"async\" class=\"aligncenter  wp-image-19696\" src=\"http:\/\/www.grupfotograficelgra.cat\/wp-content\/uploads\/2015\/10\/20150919_El-Gra_DSC1890....jpg\" alt=\"20150919_El-Gra_DSC1890...\" width=\"551\" height=\"365\" srcset=\"https:\/\/www.grupfotograficelgra.cat\/wp-content\/uploads\/2015\/10\/20150919_El-Gra_DSC1890....jpg 1280w, https:\/\/www.grupfotograficelgra.cat\/wp-content\/uploads\/2015\/10\/20150919_El-Gra_DSC1890...-300x199.jpg 300w\" sizes=\"auto, (max-width: 551px) 100vw, 551px\" \/><\/a><\/p>\n<p style=\"text-align: center;\">ngg_shortcode_0_placeholder<\/p>\n<h2><strong>Social<\/strong><\/h2>\n<p>1er Rosa C\u00edvico<br \/>\n2on Vi\u00e7ens Bad\u00eda<br \/>\n3er Estela Vargas<\/p>\n<p style=\"text-align: center;\">ngg_shortcode_1_placeholder<\/p>\n","protected":false},"excerpt":{"rendered":"<p>Riera de Nespres Social 1er Rosa C\u00edvico 2on Vi\u00e7ens Bad\u00eda 3er Estela Vargas<\/p>\n","protected":false},"author":1,"featured_media":0,"parent":2401,"menu_order":0,"comment_status":"closed","ping_status":"closed","template":"","meta":{"ngg_post_thumbnail":0,"footnotes":""},"class_list":["post-19695","page","type-page","status-publish","hentry"],"_links":{"self":[{"href":"https:\/\/www.grupfotograficelgra.cat\/index.php?rest_route=\/wp\/v2\/pages\/19695","targetHints":{"allow":["GET"]}}],"collection":[{"href":"https:\/\/www.grupfotograficelgra.cat\/index.php?rest_route=\/wp\/v2\/pages"}],"about":[{"href":"https:\/\/www.grupfotograficelgra.cat\/index.php?rest_route=\/wp\/v2\/types\/page"}],"author":[{"embeddable":true,"href":"https:\/\/www.grupfotograficelgra.cat\/index.php?rest_route=\/wp\/v2\/users\/1"}],"replies":[{"embeddable":true,"href":"https:\/\/www.grupfotograficelgra.cat\/index.php?rest_route=%2Fwp%2Fv2%2Fcomments&post=19695"}],"version-history":[{"count":1,"href":"https:\/\/www.grupfotograficelgra.cat\/index.php?rest_route=\/wp\/v2\/pages\/19695\/revisions"}],"predecessor-version":[{"id":19751,"href":"https:\/\/www.grupfotograficelgra.cat\/index.php?rest_route=\/wp\/v2\/pages\/19695\/revisions\/19751"}],"up":[{"embeddable":true,"href":"https:\/\/www.grupfotograficelgra.cat\/index.php?rest_route=\/wp\/v2\/pages\/2401"}],"wp:attachment":[{"href":"https:\/\/www.grupfotograficelgra.cat\/index.php?rest_route=%2Fwp%2Fv2%2Fmedia&parent=19695"}],"curies":[{"name":"wp","href":"https:\/\/api.w.org\/{rel}","templated":true}]}}